{"id":208,"date":"2026-01-12T13:50:02","date_gmt":"2026-01-12T12:50:02","guid":{"rendered":"https:\/\/seniorvitacare.pl\/?page_id=208"},"modified":"2026-01-12T13:57:18","modified_gmt":"2026-01-12T12:57:18","slug":"oferty-pracy-2","status":"publish","type":"page","link":"https:\/\/seniorvitacare.pl\/?page_id=208","title":{"rendered":"Oferty Pracy A"},"content":{"rendered":"<style>.elementor-208 .elementor-element.elementor-element-15e7fabc{--display:flex;--flex-direction:row;--container-widget-width:initial;--container-widget-height:100%;--container-widget-flex-grow:1;--container-widget-align-self:stretch;--flex-wrap-mobile:wrap;--justify-content:center;--gap:0px 0px;--row-gap:0px;--column-gap:0px;--overlay-opacity:0.7;--margin-top:0px;--margin-bottom:0px;--margin-left:0px;--margin-right:0px;--padding-top:125px;--padding-bottom:125px;--padding-left:0px;--padding-right:0px;}.elementor-208 .elementor-element.elementor-element-15e7fabc:not(.elementor-motion-effects-element-type-background), .elementor-208 .elementor-element.elementor-element-15e7fabc > .elementor-motion-effects-container > .elementor-motion-effects-layer{background-image:url(\"https:\/\/seniorvitacare.pl\/wp-content\/uploads\/2025\/12\/header-1-1.jpg\");background-position:center center;background-repeat:no-repeat;background-size:cover;}.elementor-208 .elementor-element.elementor-element-15e7fabc::before, .elementor-208 .elementor-element.elementor-element-15e7fabc > .elementor-background-video-container::before, .elementor-208 .elementor-element.elementor-element-15e7fabc > .e-con-inner > .elementor-background-video-container::before, .elementor-208 .elementor-element.elementor-element-15e7fabc > .elementor-background-slideshow::before, .elementor-208 .elementor-element.elementor-element-15e7fabc > .e-con-inner > .elementor-background-slideshow::before, .elementor-208 .elementor-element.elementor-element-15e7fabc > .elementor-motion-effects-container > .elementor-motion-effects-layer::before{background-color:var( --e-global-color-c8f72d3 );--background-overlay:'';}.elementor-208 .elementor-element.elementor-element-25d6fdcd{--display:flex;--flex-direction:column;--container-widget-width:100%;--container-widget-height:initial;--container-widget-flex-grow:0;--container-widget-align-self:initial;--flex-wrap-mobile:wrap;--gap:0px 0px;--row-gap:0px;--column-gap:0px;--margin-top:0px;--margin-bottom:0px;--margin-left:0px;--margin-right:0px;--padding-top:0px;--padding-bottom:0px;--padding-left:0px;--padding-right:0px;}.elementor-208 .elementor-element.elementor-element-25d6fdcd.e-con{--flex-grow:0;--flex-shrink:0;}.elementor-208 .elementor-element.elementor-element-313b748b{text-align:center;}.elementor-208 .elementor-element.elementor-element-313b748b .elementor-heading-title{color:var( --e-global-color-9c2f63b );}.elementor-208 .elementor-element.elementor-element-ea6205d{color:#FFFFFF;}.elementor-208 .elementor-element.elementor-element-2c556acd{--display:flex;--flex-direction:column;--container-widget-width:100%;--container-widget-height:initial;--container-widget-flex-grow:0;--container-widget-align-self:initial;--flex-wrap-mobile:wrap;--gap:0px 0px;--row-gap:0px;--column-gap:0px;--margin-top:0px;--margin-bottom:0px;--margin-left:0px;--margin-right:0px;--padding-top:40px;--padding-bottom:70px;--padding-left:0px;--padding-right:0px;}.elementor-208 .elementor-element.elementor-element-6158f417{--display:flex;--flex-direction:column;--container-widget-width:100%;--container-widget-height:initial;--container-widget-flex-grow:0;--container-widget-align-self:initial;--flex-wrap-mobile:wrap;--gap:0px 0px;--row-gap:0px;--column-gap:0px;--margin-top:0px;--margin-bottom:0px;--margin-left:0px;--margin-right:0px;--padding-top:0px;--padding-bottom:0px;--padding-left:0px;--padding-right:0px;}.elementor-208 .elementor-element.elementor-element-753be8bc .jeg-elementor-kit.jkit-postblock .jkit-post{background-color:var( --e-global-color-9c2f63b );padding:0px 0px 0px 0px;border-radius:30px 30px 30px 30px;box-shadow:1px 2px 20px 6px rgba(0, 0, 0, 0.05);}.elementor-208 .elementor-element.elementor-element-753be8bc .jeg-elementor-kit.jkit-postblock .jkit-readmore{background-color:#E92D5A00;font-family:var( --e-global-typography-accent-font-family ), Sans-serif;font-size:var( --e-global-typography-accent-font-size );font-weight:var( --e-global-typography-accent-font-weight );text-transform:var( --e-global-typography-accent-text-transform );text-decoration:var( --e-global-typography-accent-text-decoration );line-height:var( --e-global-typography-accent-line-height );padding:20px 0px 0px 0px;color:var( --e-global-color-accent );border-radius:30px 30px 30px 30px;}.elementor-208 .elementor-element.elementor-element-753be8bc .jeg-elementor-kit.jkit-postblock .jkit-readmore:hover{background-color:#E92D5A00;color:var( --e-global-color-primary );}.elementor-208 .elementor-element.elementor-element-753be8bc .jeg-elementor-kit.jkit-postblock .jkit-posts{grid-template-columns:repeat(2, minmax(0, 1fr));grid-column-gap:30px;}.elementor-208 .elementor-element.elementor-element-753be8bc .jeg-elementor-kit.jkit-postblock{padding:0px 0px 0px 0px;margin:0px 0px 0px 0px;border-radius:0px 0px 0px 0px;}.elementor-208 .elementor-element.elementor-element-753be8bc .jeg-elementor-kit.jkit-postblock .jkit-thumb{border-radius:30px 0px 0px 30px;}.elementor-208 .elementor-element.elementor-element-753be8bc .jeg-elementor-kit.jkit-postblock .jkit-thumb .thumbnail-container{height:350px;}.elementor-208 .elementor-element.elementor-element-753be8bc .jeg-elementor-kit.jkit-postblock .jkit-postblock-content{text-align:left;}.elementor-208 .elementor-element.elementor-element-753be8bc .jeg-elementor-kit.jkit-postblock .jkit-post-title{margin:30px 0px 0px 0px;}.elementor-208 .elementor-element.elementor-element-753be8bc .jeg-elementor-kit.jkit-postblock.postblock-type-4 .jkit-post-title{margin:30px 0px 0px 0px;}.elementor-208 .elementor-element.elementor-element-753be8bc .jeg-elementor-kit.jkit-postblock .jkit-post-title a, .elementor-208 .elementor-element.elementor-element-753be8bc .jeg-elementor-kit.jkit-postblock.postblock-type-4 .jkit-post-title a{font-family:var( --e-global-typography-c60ed85-font-family ), Sans-serif;font-size:var( --e-global-typography-c60ed85-font-size );font-weight:var( --e-global-typography-c60ed85-font-weight );text-transform:var( --e-global-typography-c60ed85-text-transform );line-height:var( --e-global-typography-c60ed85-line-height );}.elementor-208 .elementor-element.elementor-element-753be8bc .jeg-elementor-kit.jkit-postblock .jkit-post-title a{color:var( --e-global-color-c8f72d3 );}.elementor-208 .elementor-element.elementor-element-753be8bc .jeg-elementor-kit.jkit-postblock .jkit-post-excerpt{font-family:var( --e-global-typography-92f85b0-font-family ), Sans-serif;font-size:var( --e-global-typography-92f85b0-font-size );font-weight:var( --e-global-typography-92f85b0-font-weight );text-transform:var( --e-global-typography-92f85b0-text-transform );line-height:var( --e-global-typography-92f85b0-line-height );margin:20px 0px 0px 0px;}.elementor-208 .elementor-element.elementor-element-753be8bc .jeg-elementor-kit.jkit-postblock .jkit-post-excerpt p{color:var( --e-global-color-text );}.elementor-208 .elementor-element.elementor-element-753be8bc .jeg-elementor-kit.jkit-postblock .jkit-meta-readmore.icon-position-before i, .elementor-208 .elementor-element.elementor-element-753be8bc .jeg-elementor-kit.jkit-postblock .jkit-meta-readmore.icon-position-before svg{margin-right:5px;}.elementor-208 .elementor-element.elementor-element-753be8bc .jeg-elementor-kit.jkit-postblock .jkit-meta-readmore.icon-position-after i, .elementor-208 .elementor-element.elementor-element-753be8bc .jeg-elementor-kit.jkit-postblock .jkit-meta-readmore.icon-position-after svg{margin-left:5px;}.elementor-208 .elementor-element.elementor-element-753be8bc .jeg-elementor-kit.jkit-postblock .jkit-meta-readmore i{font-size:20px;}.elementor-208 .elementor-element.elementor-element-753be8bc .jeg-elementor-kit.jkit-postblock .jkit-meta-readmore svg{width:20px;}.elementor-208 .elementor-element.elementor-element-753be8bc .jeg-elementor-kit.jkit-postblock .jkit-readmore svg{fill:var( --e-global-color-accent );}.elementor-208 .elementor-element.elementor-element-753be8bc .jeg-elementor-kit.jkit-postblock .jkit-readmore:hover svg{fill:var( --e-global-color-primary );}.elementor-208 .elementor-element.elementor-element-753be8bc .jeg-elementor-kit.jkit-postblock .jkit-post-meta{font-family:var( --e-global-typography-92f85b0-font-family ), Sans-serif;font-size:var( --e-global-typography-92f85b0-font-size );font-weight:var( --e-global-typography-92f85b0-font-weight );text-transform:var( --e-global-typography-92f85b0-text-transform );line-height:var( --e-global-typography-92f85b0-line-height );color:var( --e-global-color-primary );margin:0px 0px 0px 0px;}.elementor-208 .elementor-element.elementor-element-753be8bc .jeg-elementor-kit.jkit-postblock .jkit-post-meta svg{fill:var( --e-global-color-primary );}.elementor-208 .elementor-element.elementor-element-753be8bc .jeg-elementor-kit.jkit-postblock .jkit-meta-author.icon-position-before i, .elementor-208 .elementor-element.elementor-element-753be8bc .jeg-elementor-kit.jkit-postblock .jkit-meta-author.icon-position-before svg{margin-right:5px;}.elementor-208 .elementor-element.elementor-element-753be8bc .jeg-elementor-kit.jkit-postblock .jkit-meta-author.icon-position-after i, .elementor-208 .elementor-element.elementor-element-753be8bc .jeg-elementor-kit.jkit-postblock .jkit-meta-author.icon-position-after svg{margin-left:5px;}.elementor-208 .elementor-element.elementor-element-753be8bc .jeg-elementor-kit.jkit-postblock .jkit-meta-date.icon-position-before i, .elementor-208 .elementor-element.elementor-element-753be8bc .jeg-elementor-kit.jkit-postblock .jkit-meta-date.icon-position-before svg{margin-right:5px;}.elementor-208 .elementor-element.elementor-element-753be8bc .jeg-elementor-kit.jkit-postblock .jkit-meta-date.icon-position-after i, .elementor-208 .elementor-element.elementor-element-753be8bc .jeg-elementor-kit.jkit-postblock .jkit-meta-date.icon-position-after svg{margin-left:5px;}.elementor-208 .elementor-element.elementor-element-753be8bc .jeg-elementor-kit.jkit-postblock .jkit-post-meta-bottom{justify-content:space-between;}.elementor-208 .elementor-element.elementor-element-753be8bc .jeg-elementor-kit.jkit-postblock .jeg_empty_module{text-align:left;}:root{--page-title-display:none;}@media(min-width:768px){.elementor-208 .elementor-element.elementor-element-15e7fabc{--content-width:1600px;}.elementor-208 .elementor-element.elementor-element-25d6fdcd{--width:30.63%;}.elementor-208 .elementor-element.elementor-element-6158f417{--width:100%;}}@media(max-width:1024px){.elementor-208 .elementor-element.elementor-element-15e7fabc{--margin-top:0px;--margin-bottom:0px;--margin-left:0px;--margin-right:0px;--padding-top:100px;--padding-bottom:100px;--padding-left:0px;--padding-right:0px;}.elementor-208 .elementor-element.elementor-element-2c556acd{--margin-top:0px;--margin-bottom:0px;--margin-left:0px;--margin-right:0px;--padding-top:30px;--padding-bottom:70px;--padding-left:20px;--padding-right:20px;}.elementor-208 .elementor-element.elementor-element-6158f417{--margin-top:0px;--margin-bottom:0px;--margin-left:0px;--margin-right:0px;--padding-top:0px;--padding-bottom:0px;--padding-left:20px;--padding-right:20px;}.elementor-208 .elementor-element.elementor-element-753be8bc .jeg-elementor-kit.jkit-postblock .jkit-posts{grid-template-columns:repeat(2, minmax(0, 1fr));}.elementor-208 .elementor-element.elementor-element-753be8bc .jeg-elementor-kit.jkit-postblock .jkit-thumb{border-radius:30px 30px 0px 0px;}.elementor-208 .elementor-element.elementor-element-753be8bc .jeg-elementor-kit.jkit-postblock .jkit-thumb .thumbnail-container{height:240px;}.elementor-208 .elementor-element.elementor-element-753be8bc .jeg-elementor-kit.jkit-postblock .jkit-post-title{margin:20px 0px 0px 0px;}.elementor-208 .elementor-element.elementor-element-753be8bc .jeg-elementor-kit.jkit-postblock.postblock-type-4 .jkit-post-title{margin:20px 0px 0px 0px;}.elementor-208 .elementor-element.elementor-element-753be8bc .jeg-elementor-kit.jkit-postblock .jkit-post-title a, .elementor-208 .elementor-element.elementor-element-753be8bc .jeg-elementor-kit.jkit-postblock.postblock-type-4 .jkit-post-title a{font-size:var( --e-global-typography-c60ed85-font-size );line-height:var( --e-global-typography-c60ed85-line-height );}.elementor-208 .elementor-element.elementor-element-753be8bc .jeg-elementor-kit.jkit-postblock .jkit-post-excerpt{font-size:var( --e-global-typography-92f85b0-font-size );line-height:var( --e-global-typography-92f85b0-line-height );margin:10px 20px 0px 0px;}.elementor-208 .elementor-element.elementor-element-753be8bc .jeg-elementor-kit.jkit-postblock .jkit-readmore{font-size:var( --e-global-typography-accent-font-size );line-height:var( --e-global-typography-accent-line-height );padding:0px 0px 0px 0px;margin:0px 0px 30px 0px;}.elementor-208 .elementor-element.elementor-element-753be8bc .jeg-elementor-kit.jkit-postblock .jkit-post-meta{font-size:var( --e-global-typography-92f85b0-font-size );line-height:var( --e-global-typography-92f85b0-line-height );margin:20px 0px 0px 0px;}}@media(max-width:767px){.elementor-208 .elementor-element.elementor-element-15e7fabc{--margin-top:10px;--margin-bottom:0px;--margin-left:0px;--margin-right:0px;}.elementor-208 .elementor-element.elementor-element-2c556acd{--gap:0px 0px;--row-gap:0px;--column-gap:0px;--padding-top:20px;--padding-bottom:20px;--padding-left:20px;--padding-right:20px;}.elementor-208 .elementor-element.elementor-element-6158f417{--margin-top:0px;--margin-bottom:0px;--margin-left:0px;--margin-right:0px;--padding-top:0px;--padding-bottom:0px;--padding-left:0px;--padding-right:0px;}.elementor-208 .elementor-element.elementor-element-753be8bc .jeg-elementor-kit.jkit-postblock .jkit-posts{grid-template-columns:repeat(1, minmax(0, 1fr));}.elementor-208 .elementor-element.elementor-element-753be8bc .jeg-elementor-kit.jkit-postblock .jkit-post-title a, .elementor-208 .elementor-element.elementor-element-753be8bc .jeg-elementor-kit.jkit-postblock.postblock-type-4 .jkit-post-title a{font-size:var( --e-global-typography-c60ed85-font-size );line-height:var( --e-global-typography-c60ed85-line-height );}.elementor-208 .elementor-element.elementor-element-753be8bc .jeg-elementor-kit.jkit-postblock .jkit-post-excerpt{font-size:var( --e-global-typography-92f85b0-font-size );line-height:var( --e-global-typography-92f85b0-line-height );}.elementor-208 .elementor-element.elementor-element-753be8bc .jeg-elementor-kit.jkit-postblock .jkit-readmore{font-size:var( --e-global-typography-accent-font-size );line-height:var( --e-global-typography-accent-line-height );}.elementor-208 .elementor-element.elementor-element-753be8bc .jeg-elementor-kit.jkit-postblock .jkit-post-meta{font-size:var( --e-global-typography-92f85b0-font-size );line-height:var( --e-global-typography-92f85b0-line-height );}}@media (max-width: 1024px) {.elementor-element.elementor-element-753be8bc .jeg-elementor-kit.jkit-postblock.postblock-type-1 .jkit-post { display: block; -webkit-box-align: stretch; -ms-flex-align: stretch; align-items: stretch; } }@media (max-width: 1024px) {.elementor-element.elementor-element-753be8bc .jeg-elementor-kit.jkit-postblock.postblock-type-1 .jkit-thumb { -webkit-box-flex: 1; -ms-flex: 1 0 auto; flex: 1 0 auto; max-width: 100%; } }<\/style>\t\t<div data-elementor-type=\"wp-page\" data-elementor-id=\"208\" class=\"elementor elementor-208\" data-elementor-settings=\"{&quot;ha_cmc_init_switcher&quot;:&quot;no&quot;}\" data-elementor-post-type=\"page\">\n\t\t\t\t<div class=\"elementor-element elementor-element-15e7fabc e-flex e-con-boxed e-con e-parent\" data-id=\"15e7fabc\" data-element_type=\"container\" data-settings=\"{&quot;background_background&quot;:&quot;classic&quot;,&quot;_ha_eqh_enable&quot;:false}\">\n\t\t\t\t\t<div class=\"e-con-inner\">\n\t\t<div class=\"elementor-element elementor-element-25d6fdcd e-con-full e-flex e-con e-child\" data-id=\"25d6fdcd\" data-element_type=\"container\" data-settings=\"{&quot;_ha_eqh_enable&quot;:false}\">\n\t\t\t\t<div class=\"elementor-element elementor-element-313b748b elementor-widget elementor-widget-heading\" data-id=\"313b748b\" data-element_type=\"widget\" data-widget_type=\"heading.default\">\n\t\t\t\t\t<h2 class=\"elementor-heading-title elementor-size-default\">Sprawd\u017a nasze Aktualne Oferty Pracy\n<\/h2>\t\t\t\t<\/div>\n\t\t\t\t<div class=\"elementor-element elementor-element-ea6205d elementor-widget elementor-widget-text-editor\" data-id=\"ea6205d\" data-element_type=\"widget\" data-widget_type=\"text-editor.default\">\n\t\t\t\t\t\t\t\t\t<div class=\"elementor-element elementor-element-11c84c3 e-flex e-con-boxed e-con e-parent e-lazyloaded\" data-id=\"11c84c3\" data-element_type=\"container\" data-settings=\"{&quot;background_background&quot;:&quot;classic&quot;,&quot;_ha_eqh_enable&quot;:false}\"><div class=\"e-con-inner\"><div class=\"elementor-element elementor-element-7b012706 e-con-full e-flex e-con e-child\" data-id=\"7b012706\" data-element_type=\"container\" data-settings=\"{&quot;_ha_eqh_enable&quot;:false}\"><div class=\"elementor-element elementor-element-14a852f elementor-widget elementor-widget-text-editor\" data-id=\"14a852f\" data-element_type=\"widget\" data-widget_type=\"text-editor.default\"><p>Poni\u017cej znajdziesz nasze oferty Pracy, jednak zawsze warto si\u0119 do nas odezwa\u0107 poniewa\u017c czasem nie wszystkie oferty s\u0105 dodawane na stron\u0119 internetow\u0105.<\/p><\/div><\/div><\/div><\/div>\t\t\t\t\t\t\t\t<\/div>\n\t\t\t\t<\/div>\n\t\t\t\t\t<\/div>\n\t\t\t\t<\/div>\n\t\t<div class=\"elementor-element elementor-element-2c556acd e-flex e-con-boxed e-con e-parent\" data-id=\"2c556acd\" data-element_type=\"container\" data-settings=\"{&quot;background_background&quot;:&quot;classic&quot;,&quot;_ha_eqh_enable&quot;:false}\">\n\t\t\t\t\t<div class=\"e-con-inner\">\n\t\t<div class=\"elementor-element elementor-element-6158f417 e-con-full e-flex e-con e-child\" data-id=\"6158f417\" data-element_type=\"container\" data-settings=\"{&quot;_ha_eqh_enable&quot;:false}\">\n\t\t\t\t<div class=\"elementor-element elementor-element-753be8bc elementor-widget elementor-widget-jkit_post_block\" data-id=\"753be8bc\" data-element_type=\"widget\" data-widget_type=\"jkit_post_block.default\">\n\t\t\t\t\t<div  class=\"jeg-elementor-kit jkit-postblock postblock-type-1 jkit-pagination-disable post-element jeg_module___69e9ed0446f3c\"  data-id=\"jeg_module___69e9ed0446f3c\" data-settings=\"{&quot;post_type&quot;:&quot;post&quot;,&quot;number_post&quot;:{&quot;unit&quot;:&quot;px&quot;,&quot;size&quot;:6,&quot;sizes&quot;:[]},&quot;post_offset&quot;:0,&quot;unique_content&quot;:&quot;disable&quot;,&quot;include_post&quot;:&quot;&quot;,&quot;exclude_post&quot;:&quot;&quot;,&quot;include_category&quot;:&quot;&quot;,&quot;exclude_category&quot;:&quot;&quot;,&quot;include_author&quot;:&quot;&quot;,&quot;include_tag&quot;:&quot;&quot;,&quot;exclude_tag&quot;:&quot;&quot;,&quot;sort_by&quot;:&quot;oldest&quot;,&quot;pagination_mode&quot;:&quot;disable&quot;,&quot;pagination_loadmore_text&quot;:&quot;Load More&quot;,&quot;pagination_loading_text&quot;:&quot;Loading...&quot;,&quot;pagination_number_post&quot;:{&quot;unit&quot;:&quot;px&quot;,&quot;size&quot;:3,&quot;sizes&quot;:[]},&quot;pagination_scroll_limit&quot;:0,&quot;pagination_icon&quot;:{&quot;value&quot;:&quot;&quot;,&quot;library&quot;:&quot;&quot;},&quot;pagination_icon_position&quot;:&quot;before&quot;,&quot;st_category_position&quot;:&quot;center&quot;,&quot;sg_content_postblock_type&quot;:&quot;type-1&quot;,&quot;sg_content_element_order&quot;:&quot;meta,title,excerpt,read&quot;,&quot;sg_content_breakpoint&quot;:&quot;tablet&quot;,&quot;sg_content_title_html_tag&quot;:&quot;h3&quot;,&quot;sg_content_category_enable&quot;:&quot;&quot;,&quot;sg_content_excerpt_enable&quot;:&quot;yes&quot;,&quot;sg_content_excerpt_length&quot;:{&quot;unit&quot;:&quot;px&quot;,&quot;size&quot;:20,&quot;sizes&quot;:[]},&quot;sg_content_excerpt_more&quot;:&quot;...&quot;,&quot;sg_content_readmore_enable&quot;:&quot;yes&quot;,&quot;sg_content_readmore_icon&quot;:{&quot;value&quot;:&quot;jki jki-arrow-up-right-line&quot;,&quot;library&quot;:&quot;jkiticon&quot;},&quot;sg_content_readmore_icon_position&quot;:&quot;after&quot;,&quot;sg_content_readmore_text&quot;:&quot;Read More&quot;,&quot;sg_content_comment_enable&quot;:&quot;&quot;,&quot;sg_content_comment_icon&quot;:{&quot;value&quot;:&quot;fas fa-comment&quot;,&quot;library&quot;:&quot;fa-solid&quot;},&quot;sg_content_comment_icon_position&quot;:&quot;before&quot;,&quot;sg_content_meta_enable&quot;:&quot;yes&quot;,&quot;sg_content_meta_author_enable&quot;:&quot;&quot;,&quot;sg_content_meta_author_by_text&quot;:&quot;by&quot;,&quot;sg_content_meta_author_icon&quot;:{&quot;value&quot;:&quot;fas fa-user&quot;,&quot;library&quot;:&quot;fa-solid&quot;},&quot;sg_content_meta_author_icon_position&quot;:&quot;before&quot;,&quot;sg_content_meta_date_enable&quot;:&quot;yes&quot;,&quot;sg_content_meta_date_type&quot;:&quot;published&quot;,&quot;sg_content_meta_date_format&quot;:&quot;default&quot;,&quot;sg_content_meta_date_format_custom&quot;:&quot;F j, Y&quot;,&quot;sg_content_meta_date_icon&quot;:{&quot;value&quot;:&quot;&quot;,&quot;library&quot;:&quot;&quot;},&quot;sg_content_meta_date_icon_position&quot;:&quot;before&quot;,&quot;sg_content_image_size_imagesize_size&quot;:&quot;full&quot;,&quot;paged&quot;:1,&quot;class&quot;:&quot;jkit_post_block&quot;}\"><div class=\"jkit-block-container\"><div class=\"jkit-posts jkit-ajax-flag\">\n            <article class=\"jkit-post post-218 post type-post status-publish format-standard has-post-thumbnail hentry category-bez-kategorii\">\n                    <div class=\"jkit-thumb\"><a aria-label=\"Og\u0142oszenie Pogl\u0105dowe\" href=\"https:\/\/seniorvitacare.pl\/?p=218\"><div class=\"thumbnail-container \">\n            <img loading=\"lazy\" decoding=\"async\" width=\"513\" height=\"360\" src=\"https:\/\/seniorvitacare.pl\/wp-content\/uploads\/2025\/12\/service-1-1.jpg\" class=\"attachment-full size-full wp-post-image\" alt=\"\" loading=\"lazy\" srcset=\"https:\/\/seniorvitacare.pl\/wp-content\/uploads\/2025\/12\/service-1-1.jpg 513w, https:\/\/seniorvitacare.pl\/wp-content\/uploads\/2025\/12\/service-1-1-300x211.jpg 300w\" sizes=\"auto, (max-width: 513px) 100vw, 513px\" \/>\n        <\/div><\/a><\/div>\n                    <div class=\"jkit-postblock-content\"><div class=\"jkit-post-meta\"><div class=\"jkit-meta-date icon-position-before\">2026-01-12<\/div><\/div><h3 class=\"jkit-post-title\">\n\t\t\t\t\t\t\t<a href=\"https:\/\/seniorvitacare.pl\/?p=218\">Og\u0142oszenie Pogl\u0105dowe<\/a>\n\t\t\t\t\t\t<\/h3><div class=\"jkit-post-excerpt\"><p>Seniorka Dortmund opiekna nad osob\u0105\u00a0X April 30, 2024 Lorem ipsum dolor sit amet, consectetur adipiscing elit, sed do eiusmod tempor...<\/p><\/div><div class=\"jkit-post-meta-bottom\">\n\t\t\t\t\t\t\t<div class=\"jkit-meta-readmore icon-position-after\">\n                <a title=\"Og\u0142oszenie Pogl\u0105dowe\" href=\"https:\/\/seniorvitacare.pl\/?p=218\" class=\"jkit-readmore\">Read More<i aria-hidden=\"true\" class=\"jki jki-arrow-up-right-line\"><\/i><\/a>\n            <\/div>\n\t\t\t\t\t\t<\/div><\/div>\n                <\/article>\n        <\/div><\/div><\/div>\t\t\t\t<\/div>\n\t\t\t\t<\/div>\n\t\t\t\t\t<\/div>\n\t\t\t\t<\/div>\n\t\t\t\t<\/div>\n\t\t","protected":false},"excerpt":{"rendered":"<p>Sprawd\u017a nasze Aktualne Oferty Pracy Poni\u017cej znajdziesz nasze oferty Pracy, jednak zawsze warto si\u0119 do nas odezwa\u0107 poniewa\u017c czasem nie wszystkie oferty s\u0105 dodawane na stron\u0119 internetow\u0105. edit post 2026-01-12 Og\u0142oszenie Pogl\u0105dowe Seniorka Dortmund opiekna nad osob\u0105\u00a0X April 30, 2024 Lorem ipsum dolor sit amet, consectetur adipiscing elit, sed do eiusmod tempor&#8230; Read More<\/p>\n","protected":false},"author":1,"featured_media":0,"parent":0,"menu_order":0,"comment_status":"closed","ping_status":"closed","template":"elementor_header_footer","meta":{"footnotes":""},"class_list":["post-208","page","type-page","status-publish","hentry"],"_links":{"self":[{"href":"https:\/\/seniorvitacare.pl\/index.php?rest_route=\/wp\/v2\/pages\/208","targetHints":{"allow":["GET"]}}],"collection":[{"href":"https:\/\/seniorvitacare.pl\/index.php?rest_route=\/wp\/v2\/pages"}],"about":[{"href":"https:\/\/seniorvitacare.pl\/index.php?rest_route=\/wp\/v2\/types\/page"}],"author":[{"embeddable":true,"href":"https:\/\/seniorvitacare.pl\/index.php?rest_route=\/wp\/v2\/users\/1"}],"replies":[{"embeddable":true,"href":"https:\/\/seniorvitacare.pl\/index.php?rest_route=%2Fwp%2Fv2%2Fcomments&post=208"}],"version-history":[{"count":10,"href":"https:\/\/seniorvitacare.pl\/index.php?rest_route=\/wp\/v2\/pages\/208\/revisions"}],"predecessor-version":[{"id":231,"href":"https:\/\/seniorvitacare.pl\/index.php?rest_route=\/wp\/v2\/pages\/208\/revisions\/231"}],"wp:attachment":[{"href":"https:\/\/seniorvitacare.pl\/index.php?rest_route=%2Fwp%2Fv2%2Fmedia&parent=208"}],"curies":[{"name":"wp","href":"https:\/\/api.w.org\/{rel}","templated":true}]}}